{"id":49,"date":"2024-04-02T22:08:57","date_gmt":"2024-04-02T22:08:57","guid":{"rendered":"http:\/\/v4v14nru.web5.alfahosting-server.de\/beltane-de-prod\/?page_id=49"},"modified":"2024-08-19T07:44:24","modified_gmt":"2024-08-19T07:44:24","slug":"home","status":"publish","type":"page","link":"https:\/\/www.beltane.de\/en\/home\/","title":{"rendered":"Products"},"content":{"rendered":"<p>[et_pb_section fb_built=&#8220;1&#8243; inner_shadow=&#8220;on&#8220; fullwidth=&#8220;on&#8220; prev_background_color=&#8220;gcid-86e0e939-2c75-4117-936f-1ddaf39f4182&#8243; _builder_version=&#8220;4.25.0&#8243; _module_preset=&#8220;default&#8220; background_image=&#8220;http:\/\/v4v14nru.web5.alfahosting-server.de\/beltane-de-prod\/wp-content\/uploads\/2024\/04\/Beltane-Bio-Gewuerze-Hintergrund-Papier.jpg&#8220; top_divider_style=&#8220;arrow2&#8243; global_colors_info=&#8220;{}&#8220;][et_pb_fullwidth_image src=&#8220;http:\/\/v4v14nru.web5.alfahosting-server.de\/beltane-de-prod\/wp-content\/uploads\/2024\/04\/AdobeStock_621496077_Preview.jpeg&#8220; title_text=&#8220;AdobeStock_621496077_Preview&#8220; _builder_version=&#8220;4.24.3&#8243; _module_preset=&#8220;default&#8220; min_height=&#8220;737px&#8220; max_height=&#8220;706px&#8220; custom_padding=&#8220;||200px|||&#8220; global_colors_info=&#8220;{}&#8220;][\/et_pb_fullwidth_image][\/et_pb_section][et_pb_section fb_built=&#8220;1&#8243; admin_label=&#8220;Feature&#8220; _builder_version=&#8220;4.24.2&#8243; _module_preset=&#8220;default&#8220; background_color=&#8220;gcid-86e0e939-2c75-4117-936f-1ddaf39f4182&#8243; background_image=&#8220;http:\/\/v4v14nru.web5.alfahosting-server.de\/beltane-de-prod\/wp-content\/uploads\/2024\/04\/Beltane-Bio-Gewuerze-Hintergrund-Papier.jpg&#8220; min_height=&#8220;1161.7px&#8220; overflow-x=&#8220;hidden&#8220; overflow-y=&#8220;hidden&#8220; locked=&#8220;off&#8220; collapsed=&#8220;off&#8220; global_colors_info=&#8220;{%22gcid-86e0e939-2c75-4117-936f-1ddaf39f4182%22:%91%22background_color%22%93}&#8220;][et_pb_row _builder_version=&#8220;4.25.1&#8243; _module_preset=&#8220;default&#8220; custom_margin=&#8220;41px|auto||auto||&#8220; global_colors_info=&#8220;{}&#8220;][et_pb_column type=&#8220;4_4&#8243; _builder_version=&#8220;4.24.3&#8243; _module_preset=&#8220;default&#8220; global_colors_info=&#8220;{}&#8220;][et_pb_text _builder_version=&#8220;4.25.1&#8243; _module_preset=&#8220;e6504a1b-67eb-4b3d-b023-bcab277610b6&#8243; header_4_font=&#8220;|700||on|||||&#8220; header_4_text_color=&#8220;#73C345&#8243; header_4_font_size=&#8220;20px&#8220; header_4_letter_spacing=&#8220;0.15em&#8220; header_4_line_height=&#8220;1.5em&#8220; custom_margin=&#8220;-37px||0px||false|false&#8220; global_colors_info=&#8220;{}&#8220;]<\/p>\n<h4>Beltane<\/h4>\n<p>[\/et_pb_text][et_pb_text _builder_version=&#8220;4.25.1&#8243; _module_preset=&#8220;b327cbe4-b1d5-4b66-ad37-40c8f2f061ba&#8220; text_font_size=&#8220;12px&#8220; header_2_font=&#8220;|600||on|||||&#8220; header_2_text_color=&#8220;#000000&#8243; header_2_font_size=&#8220;32px&#8220; header_2_line_height=&#8220;1.2em&#8220; header_2_font_size_tablet=&#8220;32px&#8220; header_2_font_size_phone=&#8220;20px&#8220; header_2_font_size_last_edited=&#8220;on|desktop&#8220; global_colors_info=&#8220;{}&#8220;]<\/p>\n<h2 style=\"text-align: left;\">KOCHEN \u00c1 LA CHEF DE CUISINE<\/h2>\n<p>[\/et_pb_text][\/et_pb_column][\/et_pb_row][et_pb_row column_structure=&#8220;1_2,1_2&#8243; _builder_version=&#8220;4.22.0&#8243; _module_preset=&#8220;default&#8220; global_colors_info=&#8220;{}&#8220;][et_pb_column type=&#8220;1_2&#8243; _builder_version=&#8220;4.22.0&#8243; _module_preset=&#8220;default&#8220; global_colors_info=&#8220;{}&#8220;][et_pb_text _builder_version=&#8220;4.24.3&#8243; _module_preset=&#8220;528edd47-a6a9-4aee-a7a1-a0194480225f&#8220; global_colors_info=&#8220;{}&#8220;]<\/p>\n<p>Tauchen Sie ein in die Welt der kulinarischen Exzellenz und erleben Sie mit Beltane das Kochen auf h\u00f6chstem Niveau &#8211; ganz wie in einer 5-Sterne-K\u00fcche! Unsere erstklassigen Gew\u00fcrzmischungen und Produkte sind das Geheimnis hinter den unvergesslichen Geschmackserlebnissen, die man sonst nur in exklusiven Restaurants genie\u00dfen kann. Von feinen Aromen bis hin zu raffinierten Geschmackskombinationen bieten wir Ihnen alles, was Sie ben\u00f6tigen, um Ihre Kochk\u00fcnste auf ein neues Level zu heben und Ihre G\u00e4ste zu beeindrucken.<\/p>\n<p>Mit Beltane f\u00fchlen Sie sich wie ein professioneller Chefkoch, w\u00e4hrend Sie in Ihrer eigenen K\u00fcche zaubern. Unsere Produkte sind sorgf\u00e4ltig entwickelt, um Ihnen die bestm\u00f6glichen Ergebnisse zu liefern, sei es f\u00fcr ein intimes Abendessen zu zweit oder eine opulente Feier mit Freunden und Familie. Jede Zutat wird mit Bedacht ausgew\u00e4hlt, um sicherzustellen, dass Sie jedes Mal ein Gericht von h\u00f6chster Qualit\u00e4t und unvergleichlichem Geschmack servieren k\u00f6nnen.<\/p>\n<p>Genie\u00dfen Sie das Vergn\u00fcgen, k\u00f6stliche Gerichte zuzubereiten, die nicht nur den Gaumen, sondern auch die Sinne verw\u00f6hnen. Mit Beltane wird das Kochen zu einem echten Erlebnis, bei dem Sie Ihre Leidenschaft f\u00fcr gutes Essen voll ausleben k\u00f6nnen. G\u00f6nnen Sie sich und Ihren Lieben das Beste und lassen Sie sich von Beltane zu kulinarischen H\u00f6henfl\u00fcgen inspirieren!<\/p>\n<p>[\/et_pb_text][\/et_pb_column][et_pb_column type=&#8220;1_2&#8243; _builder_version=&#8220;4.22.0&#8243; _module_preset=&#8220;default&#8220; global_colors_info=&#8220;{}&#8220;][et_pb_image src=&#8220;http:\/\/v4v14nru.web5.alfahosting-server.de\/beltane-de-prod\/wp-content\/uploads\/2024\/04\/Beltane-Fix-fuer-Salat-Wildkraeuter-mit-Himbeeren-Bunter-Blattsalat_2848x4288.jpg&#8220; title_text=&#8220;Beltane-Fix-fuer-Salat-Wildkraeuter-mit-Himbeeren-Bunter-Blattsalat_2848x4288&#8243; _builder_version=&#8220;4.25.1&#8243; _module_preset=&#8220;default&#8220; transform_scale=&#8220;98%|98%&#8220; transform_translate=&#8220;72px|-22px&#8220; transform_translate_linked=&#8220;off&#8220; transform_rotate=&#8220;0deg|0deg|4deg&#8220; custom_margin=&#8220;30px||||false|false&#8220; global_colors_info=&#8220;{}&#8220;][\/et_pb_image][\/et_pb_column][\/et_pb_row][\/et_pb_section]<\/p>\n","protected":false},"excerpt":{"rendered":"<p>BeltaneKOCHEN \u00c1 LA CHEF DE CUISINETauchen Sie ein in die Welt der kulinarischen Exzellenz und erleben Sie mit Beltane das Kochen auf h\u00f6chstem Niveau &#8211; ganz wie in einer 5-Sterne-K\u00fcche! Unsere erstklassigen Gew\u00fcrzmischungen und Produkte sind das Geheimnis hinter den unvergesslichen Geschmackserlebnissen, die man sonst nur in exklusiven Restaurants genie\u00dfen kann. Von feinen Aromen bis [&hellip;]<\/p>\n","protected":false},"author":6,"featured_media":0,"parent":0,"menu_order":0,"comment_status":"closed","ping_status":"closed","template":"","meta":{"_et_pb_use_builder":"on","_et_pb_old_content":"","_et_gb_content_width":"","footnotes":""},"class_list":["post-49","page","type-page","status-publish","hentry"],"_links":{"self":[{"href":"https:\/\/www.beltane.de\/en\/wp-json\/wp\/v2\/pages\/49","targetHints":{"allow":["GET"]}}],"collection":[{"href":"https:\/\/www.beltane.de\/en\/wp-json\/wp\/v2\/pages"}],"about":[{"href":"https:\/\/www.beltane.de\/en\/wp-json\/wp\/v2\/types\/page"}],"author":[{"embeddable":true,"href":"https:\/\/www.beltane.de\/en\/wp-json\/wp\/v2\/users\/6"}],"replies":[{"embeddable":true,"href":"https:\/\/www.beltane.de\/en\/wp-json\/wp\/v2\/comments?post=49"}],"version-history":[{"count":0,"href":"https:\/\/www.beltane.de\/en\/wp-json\/wp\/v2\/pages\/49\/revisions"}],"wp:attachment":[{"href":"https:\/\/www.beltane.de\/en\/wp-json\/wp\/v2\/media?parent=49"}],"curies":[{"name":"wp","href":"https:\/\/api.w.org\/{rel}","templated":true}]}}