{"id":310281,"date":"2024-08-09T10:51:59","date_gmt":"2024-08-09T10:51:59","guid":{"rendered":"http:\/\/v4v14nru.web5.alfahosting-server.de\/beltane-de-prod\/?page_id=310281"},"modified":"2024-08-09T11:52:33","modified_gmt":"2024-08-09T11:52:33","slug":"testimonials","status":"publish","type":"page","link":"https:\/\/www.beltane.de\/en\/testimonials\/","title":{"rendered":"Testimonials"},"content":{"rendered":"<p>[et_pb_section fb_built=&#8220;1&#8243; admin_label=&#8220;section&#8220; _builder_version=&#8220;4.16&#8243; global_colors_info=&#8220;{}&#8220;][et_pb_row _builder_version=&#8220;4.27.0&#8243; _module_preset=&#8220;default&#8220; hover_enabled=&#8220;0&#8243; global_colors_info=&#8220;{}&#8220; sticky_enabled=&#8220;0&#8243;][et_pb_column type=&#8220;4_4&#8243; _builder_version=&#8220;4.27.0&#8243; _module_preset=&#8220;default&#8220; hover_enabled=&#8220;0&#8243; global_colors_info=&#8220;{}&#8220; sticky_enabled=&#8220;0&#8243;][et_pb_testimonial author=&#8220;Margarete&#8220; job_title=&#8220;Buchhaltung&#8220; company_name=&#8220;Beltane&#8220; portrait_url=&#8220;http:\/\/v4v14nru.web5.alfahosting-server.de\/beltane-de-prod\/wp-content\/uploads\/2024\/05\/Beltane-Naturkost-Team-Margarethe.jpg&#8220; quote_icon_color=&#8220;gcid-b1943244-148d-4688-b06d-7deacc5fc789&#8243; portrait_width=&#8220;200px&#8220; portrait_height=&#8220;200px&#8220; _builder_version=&#8220;4.27.0&#8243; _module_preset=&#8220;default&#8220; border_radii_portrait=&#8220;on|200px|200px|200px|200px&#8220; global_colors_info=&#8220;{%22gcid-b1943244-148d-4688-b06d-7deacc5fc789%22:%91%22quote_icon_color%22%93}&#8220;]<\/p>\n<h3><span style=\"color: #77b829;\"><strong>BIO GEM\u00dcSEBASIS<\/strong><\/span><\/h3>\n<p>Ich achte sehr auf meinen t\u00e4glichen Salzkonsum. Die Beltane Gem\u00fcsebasis rundet jedes Gericht perfekt ab &#8211; ohne Salz!<\/p>\n<p>[\/et_pb_testimonial][et_pb_testimonial author=&#8220;Teresa&#8220; job_title=&#8220;Marketing&#8220; company_name=&#8220;Beltane&#8220; portrait_url=&#8220;http:\/\/v4v14nru.web5.alfahosting-server.de\/beltane-de-prod\/wp-content\/uploads\/2024\/04\/Beltane-Naturkost-Team-Teresa.jpg&#8220; quote_icon_color=&#8220;gcid-b1943244-148d-4688-b06d-7deacc5fc789&#8243; portrait_width=&#8220;200px&#8220; portrait_height=&#8220;200px&#8220; _builder_version=&#8220;4.27.0&#8243; _module_preset=&#8220;default&#8220; border_radii_portrait=&#8220;on|200px|200px|200px|200px&#8220; global_colors_info=&#8220;{%22gcid-b1943244-148d-4688-b06d-7deacc5fc789%22:%91%22quote_icon_color%22%93}&#8220;]<\/p>\n<h3><span style=\"color: #77b829;\"><strong>BIO GEM\u00dcSEBR\u00dcHE<\/strong><\/span><\/h3>\n<p>Die schnelle, echte Br\u00fche im Handumdrehen. Oma w\u00e4re stolz auf mich.\u00a0<\/p>\n<p>[\/et_pb_testimonial][et_pb_testimonial author=&#8220;Barbara&#8220; job_title=&#8220;Produktion&#8220; company_name=&#8220;Beltane&#8220; portrait_url=&#8220;http:\/\/v4v14nru.web5.alfahosting-server.de\/beltane-de-prod\/wp-content\/uploads\/2024\/04\/Beltane-Naturkost-Team-Barbara.jpg&#8220; quote_icon_color=&#8220;gcid-b1943244-148d-4688-b06d-7deacc5fc789&#8243; portrait_width=&#8220;200px&#8220; portrait_height=&#8220;200px&#8220; _builder_version=&#8220;4.27.0&#8243; _module_preset=&#8220;default&#8220; border_radii_portrait=&#8220;on|200px|200px|200px|200px&#8220; global_colors_info=&#8220;{%22gcid-b1943244-148d-4688-b06d-7deacc5fc789%22:%91%22quote_icon_color%22%93}&#8220;]<\/p>\n<h3><span style=\"color: #77b829;\"><strong>BIO KR\u00c4UTERSALZ<\/strong><\/span><\/h3>\n<p>Diese Vielfalt an Kr\u00e4utern &amp; Gew\u00fcrzen, gemsicht mit feinstem Steinsalz begeistert mich jedes Mal aufs Neue. Beltane Kr\u00e4utersalz schmeckt nicht nur pur auf jeglichem Gem\u00fcse, es ist mittlerweile meine Lieblingsw\u00fcrze f\u00fcr roh und gekocht &#8211; ein echter Tausendsassa!<\/p>\n<p>[\/et_pb_testimonial][\/et_pb_column][\/et_pb_row][\/et_pb_section]<\/p>\n","protected":false},"excerpt":{"rendered":"<p>BIO GEM\u00dcSEBASIS Ich achte sehr auf meinen t\u00e4glichen Salzkonsum. Die Beltane Gem\u00fcsebasis rundet jedes Gericht perfekt ab &#8211; ohne Salz!BIO GEM\u00dcSEBR\u00dcHE Die schnelle, echte Br\u00fche im Handumdrehen. Oma w\u00e4re stolz auf mich.\u00a0BIO KR\u00c4UTERSALZ Diese Vielfalt an Kr\u00e4utern &amp; Gew\u00fcrzen, gemsicht mit feinstem Steinsalz begeistert mich jedes Mal aufs Neue. Beltane Kr\u00e4utersalz schmeckt nicht nur pur [&hellip;]<\/p>\n","protected":false},"author":6,"featured_media":0,"parent":0,"menu_order":0,"comment_status":"closed","ping_status":"closed","template":"","meta":{"_et_pb_use_builder":"on","_et_pb_old_content":"","_et_gb_content_width":"","footnotes":""},"class_list":["post-310281","page","type-page","status-publish","hentry"],"_links":{"self":[{"href":"https:\/\/www.beltane.de\/en\/wp-json\/wp\/v2\/pages\/310281","targetHints":{"allow":["GET"]}}],"collection":[{"href":"https:\/\/www.beltane.de\/en\/wp-json\/wp\/v2\/pages"}],"about":[{"href":"https:\/\/www.beltane.de\/en\/wp-json\/wp\/v2\/types\/page"}],"author":[{"embeddable":true,"href":"https:\/\/www.beltane.de\/en\/wp-json\/wp\/v2\/users\/6"}],"replies":[{"embeddable":true,"href":"https:\/\/www.beltane.de\/en\/wp-json\/wp\/v2\/comments?post=310281"}],"version-history":[{"count":0,"href":"https:\/\/www.beltane.de\/en\/wp-json\/wp\/v2\/pages\/310281\/revisions"}],"wp:attachment":[{"href":"https:\/\/www.beltane.de\/en\/wp-json\/wp\/v2\/media?parent=310281"}],"curies":[{"name":"wp","href":"https:\/\/api.w.org\/{rel}","templated":true}]}}