{"id":311447,"date":"2025-04-14T15:02:20","date_gmt":"2025-04-14T15:02:20","guid":{"rendered":"https:\/\/www.beltane.de\/?page_id=311447"},"modified":"2025-04-24T09:43:09","modified_gmt":"2025-04-24T09:43:09","slug":"bio-for-family","status":"publish","type":"page","link":"https:\/\/www.beltane.de\/de\/home\/bio-for-family\/","title":{"rendered":"Bio for Family"},"content":{"rendered":"<p>[et_pb_section fb_built=&#8220;1&#8243; fullwidth=&#8220;on&#8220; _builder_version=&#8220;4.27.4&#8243; _module_preset=&#8220;default&#8220; hover_enabled=&#8220;0&#8243; global_colors_info=&#8220;{}&#8220; custom_margin_last_edited=&#8220;on|phone&#8220; sticky_enabled=&#8220;0&#8243; custom_margin_phone=&#8220;0px||||false|false&#8220;][et_pb_fullwidth_image src=&#8220;https:\/\/www.beltane.de\/wp-content\/uploads\/2025\/04\/Beltane-Bioforfamily-Header.jpg&#8220; title_text=&#8220;Beltane-Bioforfamily-Header&#8220; _builder_version=&#8220;4.27.4&#8243; _module_preset=&#8220;default&#8220; global_colors_info=&#8220;{}&#8220;][\/et_pb_fullwidth_image][\/et_pb_section][et_pb_section fb_built=&#8220;1&#8243; admin_label=&#8220;Service&#8220; _builder_version=&#8220;4.27.4&#8243; _module_preset=&#8220;default&#8220; background_image=&#8220;https:\/\/www.beltane.de\/wp-content\/uploads\/2024\/08\/Beltane-Hintergrund.jpg&#8220; transform_scale_tablet=&#8220;&#8220; transform_scale_phone=&#8220;&#8220; transform_scale_last_edited=&#8220;on|tablet&#8220; transform_translate_tablet=&#8220;&#8220; transform_translate_phone=&#8220;&#8220; transform_translate_last_edited=&#8220;on|desktop&#8220; transform_translate_linked_tablet=&#8220;off&#8220; transform_rotate_tablet=&#8220;&#8220; transform_rotate_phone=&#8220;&#8220; transform_rotate_last_edited=&#8220;on|desktop&#8220; transform_skew_tablet=&#8220;&#8220; transform_skew_phone=&#8220;&#8220; transform_skew_last_edited=&#8220;on|desktop&#8220; transform_origin_tablet=&#8220;&#8220; transform_origin_phone=&#8220;&#8220; transform_origin_last_edited=&#8220;on|desktop&#8220; transform_styles_last_edited=&#8220;on|tablet&#8220; min_height=&#8220;525.3px&#8220; overflow-x=&#8220;hidden&#8220; overflow-y=&#8220;hidden&#8220; custom_margin_tablet=&#8220;-349px||||false|false&#8220; custom_margin_phone=&#8220;0px||||false|false&#8220; custom_margin_last_edited=&#8220;on|phone&#8220; custom_padding=&#8220;0px||0px||false|false&#8220; hover_enabled=&#8220;0&#8243; transform_styles_tablet=&#8220;&#8220; transform_styles_phone=&#8220;&#8220; saved_tabs=&#8220;all&#8220; collapsed=&#8220;off&#8220; global_colors_info=&#8220;{}&#8220; sticky_enabled=&#8220;0&#8243;][et_pb_row column_structure=&#8220;1_3,1_3,1_3&#8243; make_equal=&#8220;on&#8220; _builder_version=&#8220;4.27.4&#8243; _module_preset=&#8220;default&#8220; transform_translate=&#8220;54px|0px&#8220; transform_translate_linked=&#8220;off&#8220; width=&#8220;100%&#8220; min_height=&#8220;1759px&#8220; custom_margin=&#8220;74px||-973px||false|false&#8220; custom_margin_tablet=&#8220;-64px|||0px|false|false&#8220; custom_margin_phone=&#8220;-64px||0px|0px|false|false&#8220; custom_margin_last_edited=&#8220;on|phone&#8220; custom_padding=&#8220;2px|118px|0px||false|false&#8220; hover_enabled=&#8220;0&#8243; module_alignment_tablet=&#8220;center&#8220; module_alignment_phone=&#8220;center&#8220; module_alignment_last_edited=&#8220;on|phone&#8220; locked=&#8220;off&#8220; global_colors_info=&#8220;{}&#8220; sticky_enabled=&#8220;0&#8243;][et_pb_column type=&#8220;1_3&#8243; _builder_version=&#8220;4.17.4&#8243; _module_preset=&#8220;default&#8220; global_colors_info=&#8220;{}&#8220;][et_pb_text _builder_version=&#8220;4.27.4&#8243; _module_preset=&#8220;default&#8220; text_font=&#8220;Libre Franklin||||||||&#8220; text_line_height=&#8220;1.6em&#8220; custom_margin=&#8220;0px||||false|false&#8220; custom_margin_tablet=&#8220;&#8220; custom_margin_phone=&#8220;108px|4px|||false|false&#8220; custom_margin_last_edited=&#8220;on|phone&#8220; hover_enabled=&#8220;0&#8243; text_font_size_tablet=&#8220;15px&#8220; text_font_size_phone=&#8220;14px&#8220; text_font_size_last_edited=&#8220;on|phone&#8220; header_font_size_tablet=&#8220;55px&#8220; header_font_size_last_edited=&#8220;off|desktop&#8220; global_colors_info=&#8220;{}&#8220; sticky_enabled=&#8220;0&#8243;]<\/p>\n<h4><b>Beltane Bio for Family<\/b><\/h4>\n<p><em>F\u00fcr alle, die gemeinsam genie\u00dfen m\u00f6chten!<\/em><\/p>\n<p style=\"font-weight: 400;\">Unsere <strong>W\u00fcrzmischungen im Korkenglas<\/strong> bringen Schwung in die K\u00fcche und auf den Tisch \u2013 <strong>flexibel, vielseitig und perfekt f\u00fcr die ganze Familie<\/strong>.<\/p>\n<p style=\"font-weight: 400;\">Mit <strong>Bio for Family<\/strong> wird Kochen zum Genuss f\u00fcr die alle! Die vielseitigen W\u00fcrzmischungen verfeinern jedes Gericht \u2013 von Gem\u00fcse \u00fcber Nudeln bis hin zu Kartoffeln. Sie unterstreichen den nat\u00fcrlichen Geschmack, mit mediterranem Flair oder dem Duft der Provence. Ob knusprig auf Bowls, herzhaft zu S\u00fc\u00dfkartoffeln oder klassisch zu Nudelgerichten \u2013 jede Mischung ist ideal zum W\u00fcrzen und Streuen, in der K\u00fcche wie bei Tisch. Praktisch im Korkenglas, sowohl f\u00fcr kreative Events als auch f\u00fcr die t\u00e4glichen Lieblingsgerichte.<\/p>\n<p>[\/et_pb_text][et_pb_image src=&#8220;https:\/\/www.beltane.de\/wp-content\/uploads\/2024\/08\/Beltane-Icons-Allergene-1.png&#8220; title_text=&#8220;Beltane-Icons-Allergene&#8220; _builder_version=&#8220;4.27.0&#8243; _module_preset=&#8220;default&#8220; transform_scale=&#8220;78%|78%&#8220; transform_scale_tablet=&#8220;32%|32%&#8220; transform_scale_phone=&#8220;42%|42%&#8220; transform_scale_last_edited=&#8220;on|phone&#8220; transform_translate=&#8220;-59px|-78px&#8220; transform_translate_tablet=&#8220;-122px|-134px&#8220; transform_translate_phone=&#8220;141px|129px&#8220; transform_translate_last_edited=&#8220;on|phone&#8220; transform_translate_linked=&#8220;off&#8220; transform_rotate_tablet=&#8220;&#8220; transform_rotate_phone=&#8220;&#8220; transform_rotate_last_edited=&#8220;on|desktop&#8220; transform_skew_tablet=&#8220;&#8220; transform_skew_phone=&#8220;&#8220; transform_skew_last_edited=&#8220;on|desktop&#8220; transform_origin_tablet=&#8220;&#8220; transform_origin_phone=&#8220;&#8220; transform_origin_last_edited=&#8220;on|desktop&#8220; transform_styles_last_edited=&#8220;on|phone&#8220; custom_margin_tablet=&#8220;-153px|||-299px|false|false&#8220; custom_margin_phone=&#8220;-171px|-127px||-233px|false|false&#8220; custom_margin_last_edited=&#8220;on|tablet&#8220; transform_styles_tablet=&#8220;&#8220; transform_styles_phone=&#8220;&#8220; global_colors_info=&#8220;{}&#8220;][\/et_pb_image][\/et_pb_column][et_pb_column type=&#8220;1_3&#8243; _builder_version=&#8220;4.17.4&#8243; _module_preset=&#8220;default&#8220; global_colors_info=&#8220;{}&#8220;][et_pb_image src=&#8220;https:\/\/www.beltane.de\/wp-content\/uploads\/2025\/04\/Bioforfamily-Button.png&#8220; title_text=&#8220;Bioforfamily-Button&#8220; _builder_version=&#8220;4.27.4&#8243; _module_preset=&#8220;default&#8220; transform_scale=&#8220;77%|77%&#8220; transform_scale_tablet=&#8220;42%|42%&#8220; transform_scale_phone=&#8220;62%|62%&#8220; transform_scale_last_edited=&#8220;on|tablet&#8220; transform_translate=&#8220;0px|-32px&#8220; transform_translate_tablet=&#8220;0px|-99px&#8220; transform_translate_phone=&#8220;-1px|-29px&#8220; transform_translate_last_edited=&#8220;on|phone&#8220; transform_translate_linked=&#8220;off&#8220; transform_rotate_tablet=&#8220;&#8220; transform_rotate_phone=&#8220;&#8220; transform_rotate_last_edited=&#8220;on|desktop&#8220; transform_skew_tablet=&#8220;&#8220; transform_skew_phone=&#8220;&#8220; transform_skew_last_edited=&#8220;on|desktop&#8220; transform_origin_tablet=&#8220;&#8220; transform_origin_phone=&#8220;&#8220; transform_origin_last_edited=&#8220;on|desktop&#8220; transform_styles_last_edited=&#8220;on|phone&#8220; custom_margin_tablet=&#8220;-191px||||false|false&#8220; custom_margin_phone=&#8220;0px||||false|false&#8220; custom_margin_last_edited=&#8220;on|phone&#8220; transform_styles_tablet=&#8220;&#8220; transform_styles_phone=&#8220;&#8220; global_colors_info=&#8220;{}&#8220;][\/et_pb_image][et_pb_image src=&#8220;https:\/\/www.beltane.de\/wp-content\/uploads\/2025\/04\/Beltane-Home-bioforfamily-korkenglas.png&#8220; title_text=&#8220;Beltane-Home-bioforfamily-korkenglas&#8220; _builder_version=&#8220;4.27.4&#8243; _module_preset=&#8220;default&#8220; transform_scale=&#8220;70%|70%&#8220; transform_scale_tablet=&#8220;42%|42%&#8220; transform_scale_phone=&#8220;62%|62%&#8220; transform_scale_last_edited=&#8220;on|phone&#8220; transform_translate=&#8220;0px|-204px&#8220; transform_translate_tablet=&#8220;0px|-300px&#8220; transform_translate_phone=&#8220;0px|-300px&#8220; transform_translate_last_edited=&#8220;on|phone&#8220; transform_translate_linked=&#8220;off&#8220; transform_rotate_tablet=&#8220;&#8220; transform_rotate_phone=&#8220;&#8220; transform_rotate_last_edited=&#8220;on|desktop&#8220; transform_skew_tablet=&#8220;&#8220; transform_skew_phone=&#8220;&#8220; transform_skew_last_edited=&#8220;on|desktop&#8220; transform_origin_tablet=&#8220;&#8220; transform_origin_phone=&#8220;&#8220; transform_origin_last_edited=&#8220;on|desktop&#8220; transform_styles_last_edited=&#8220;on|phone&#8220; custom_margin_tablet=&#8220;-271px||-237px||false|false&#8220; custom_margin_phone=&#8220;0px||-160px||false|false&#8220; custom_margin_last_edited=&#8220;on|tablet&#8220; custom_padding=&#8220;101px|||||&#8220; transform_styles_tablet=&#8220;&#8220; transform_styles_phone=&#8220;&#8220; global_colors_info=&#8220;{}&#8220;][\/et_pb_image][\/et_pb_column][et_pb_column type=&#8220;1_3&#8243; _builder_version=&#8220;4.17.4&#8243; _module_preset=&#8220;default&#8220; global_colors_info=&#8220;{}&#8220;][et_pb_text _builder_version=&#8220;4.27.4&#8243; _module_preset=&#8220;default&#8220; header_5_font=&#8220;Poppins|600|||||||&#8220; header_5_text_color=&#8220;#73C345&#8243; header_5_line_height=&#8220;1.5em&#8220; min_height=&#8220;7px&#8220; custom_margin=&#8220;-4px||10px||false|false&#8220; header_5_font_size_tablet=&#8220;15px&#8220; header_5_font_size_phone=&#8220;14px&#8220; header_5_font_size_last_edited=&#8220;on|desktop&#8220; border_color_all=&#8220;#73C345&#8243; border_width_bottom=&#8220;1px&#8220; locked=&#8220;off&#8220; global_colors_info=&#8220;{}&#8220;]<\/p>\n<p class=\"p1\"><b>Die Highlights auf einen Blick<\/b><\/p>\n<p>[\/et_pb_text][et_pb_text _builder_version=&#8220;4.27.4&#8243; _module_preset=&#8220;default&#8220; text_font=&#8220;||||||||&#8220; text_font_size=&#8220;13px&#8220; transform_scale_tablet=&#8220;&#8220; transform_scale_phone=&#8220;&#8220; transform_scale_last_edited=&#8220;on|desktop&#8220; transform_translate_tablet=&#8220;&#8220; transform_translate_phone=&#8220;&#8220; transform_translate_last_edited=&#8220;on|phone&#8220; transform_rotate_tablet=&#8220;&#8220; transform_rotate_phone=&#8220;&#8220; transform_rotate_last_edited=&#8220;on|desktop&#8220; transform_skew_tablet=&#8220;&#8220; transform_skew_phone=&#8220;&#8220; transform_skew_last_edited=&#8220;on|desktop&#8220; transform_origin_tablet=&#8220;&#8220; transform_origin_phone=&#8220;&#8220; transform_origin_last_edited=&#8220;on|desktop&#8220; transform_styles_last_edited=&#8220;on|phone&#8220; custom_margin=&#8220;||3.4%||false|false&#8220; custom_margin_tablet=&#8220;||30px||false|false&#8220; custom_margin_phone=&#8220;||30px||false|false&#8220; custom_margin_last_edited=&#8220;on|tablet&#8220; custom_padding=&#8220;||3px|||&#8220; header_font_size_tablet=&#8220;55px&#8220; header_font_size_last_edited=&#8220;off|desktop&#8220; transform_styles_tablet=&#8220;&#8220; transform_styles_phone=&#8220;&#8220; locked=&#8220;off&#8220; global_colors_info=&#8220;{}&#8220;]<\/p>\n<ul>\n<li><strong>Top flexibel:<\/strong> Verfeinert mild in der K\u00fcche und l\u00e4sst sich individuell bei Tisch nachw\u00fcrzen.<\/li>\n<li><strong>Volles Aroma:<\/strong> Jede Menge Geschmack f\u00fcr kreative Kochideen und Streu-Spa\u00df.<\/li>\n<li><strong>Nachhaltig:<\/strong> Nachf\u00fcllbar mit preiswerten Nachf\u00fcllpackungen (coming soon).<\/li>\n<\/ul>\n<p>[\/et_pb_text][\/et_pb_column][\/et_pb_row][\/et_pb_section][et_pb_section fb_built=&#8220;1&#8243; fullwidth=&#8220;on&#8220; _builder_version=&#8220;4.27.4&#8243; _module_preset=&#8220;default&#8220; transform_scale_tablet=&#8220;&#8220; transform_scale_phone=&#8220;&#8220; transform_scale_last_edited=&#8220;on|phone&#8220; transform_translate_tablet=&#8220;&#8220; transform_translate_phone=&#8220;0px|-2px&#8220; transform_translate_last_edited=&#8220;on|phone&#8220; transform_translate_linked_phone=&#8220;off&#8220; transform_rotate_tablet=&#8220;&#8220; transform_rotate_phone=&#8220;&#8220; transform_rotate_last_edited=&#8220;on|phone&#8220; transform_skew_tablet=&#8220;&#8220; transform_skew_phone=&#8220;&#8220; transform_skew_last_edited=&#8220;on|phone&#8220; transform_origin_tablet=&#8220;&#8220; transform_origin_phone=&#8220;&#8220; transform_origin_last_edited=&#8220;on|phone&#8220; transform_styles_last_edited=&#8220;on|phone&#8220; height=&#8220;800px&#8220; custom_margin=&#8220;0px||-152px||false|false&#8220; custom_margin_tablet=&#8220;&#8220; custom_margin_phone=&#8220;-84px||-661px||false|false&#8220; custom_margin_last_edited=&#8220;on|phone&#8220; top_divider_style=&#8220;arrow2&#8243; top_divider_color=&#8220;gcid-86e0e939-2c75-4117-936f-1ddaf39f4182&#8243; transform_styles_tablet=&#8220;&#8220; transform_styles_phone=&#8220;&#8220; global_colors_info=&#8220;{%22gcid-86e0e939-2c75-4117-936f-1ddaf39f4182%22:%91%22top_divider_color%22%93}&#8220;][et_pb_fullwidth_image src=&#8220;https:\/\/www.beltane.de\/wp-content\/uploads\/2025\/04\/Beltane-bioforfamily-Kartoffelecken.jpg&#8220; title_text=&#8220;Beltane-bioforfamily-Kartoffelecken&#8220; _builder_version=&#8220;4.27.4&#8243; _module_preset=&#8220;default&#8220; min_height=&#8220;599px&#8220; custom_padding=&#8220;1px||0px|||&#8220; global_colors_info=&#8220;{}&#8220;][\/et_pb_fullwidth_image][\/et_pb_section][et_pb_section fb_built=&#8220;1&#8243; next_background_color=&#8220;#ffffff&#8220; _builder_version=&#8220;4.27.4&#8243; _module_preset=&#8220;default&#8220; background_image=&#8220;https:\/\/www.beltane.de\/wp-content\/uploads\/2024\/04\/Beltane-Bio-Gewuerze-Hintergrund-Papier.jpg&#8220; custom_margin=&#8220;-73px|||||&#8220; custom_padding=&#8220;0px||145px|||&#8220; bottom_divider_style=&#8220;slant2&#8243; global_colors_info=&#8220;{}&#8220;][et_pb_row _builder_version=&#8220;4.27.4&#8243; _module_preset=&#8220;default&#8220; custom_padding=&#8220;56px|||||&#8220; global_colors_info=&#8220;{}&#8220;][et_pb_column type=&#8220;4_4&#8243; _builder_version=&#8220;4.27.4&#8243; _module_preset=&#8220;default&#8220; global_colors_info=&#8220;{}&#8220;][et_pb_text _builder_version=&#8220;4.24.3&#8243; _module_preset=&#8220;e6504a1b-67eb-4b3d-b023-bcab277610b6&#8243; header_4_font=&#8220;Libre Franklin|700||on|||||&#8220; header_4_text_color=&#8220;#73C345&#8243; header_4_font_size=&#8220;14px&#8220; header_4_letter_spacing=&#8220;0.15em&#8220; header_4_line_height=&#8220;1.5em&#8220; custom_margin=&#8220;23px||0px||false|false&#8220; global_colors_info=&#8220;{}&#8220;]<\/p>\n<h4 style=\"text-align: center;\">Beltane<\/h4>\n<p>[\/et_pb_text][et_pb_text _builder_version=&#8220;4.24.3&#8243; _module_preset=&#8220;default&#8220; header_font=&#8220;|700|||||||&#8220; header_font_size=&#8220;42px&#8220; header_2_font=&#8220;|600|||||||&#8220; header_2_font_size=&#8220;32px&#8220; custom_margin=&#8220;11px|||||&#8220; global_colors_info=&#8220;{}&#8220;]<\/p>\n<h2 style=\"text-align: center;\">BIO FOR FAMILY<\/h2>\n<p>[\/et_pb_text][\/et_pb_column][\/et_pb_row][et_pb_row column_structure=&#8220;1_2,1_2&#8243; _builder_version=&#8220;4.27.4&#8243; _module_preset=&#8220;default&#8220; custom_padding=&#8220;4px|||||&#8220; global_colors_info=&#8220;{}&#8220;][et_pb_column type=&#8220;1_2&#8243; _builder_version=&#8220;4.27.4&#8243; _module_preset=&#8220;default&#8220; global_colors_info=&#8220;{}&#8220;][et_pb_image src=&#8220;https:\/\/www.beltane.de\/wp-content\/uploads\/2025\/04\/Beltane-bio-for-family-bowl-web.png&#8220; title_text=&#8220;Beltane-bio-for-family-bowl-web&#8220; align_tablet=&#8220;&#8220; align_phone=&#8220;right&#8220; align_last_edited=&#8220;on|phone&#8220; _builder_version=&#8220;4.27.4&#8243; _module_preset=&#8220;default&#8220; transform_scale=&#8220;77%|77%&#8220; transform_translate=&#8220;-55px|0px&#8220; transform_translate_linked=&#8220;off&#8220; custom_margin_tablet=&#8220;&#8220; custom_margin_phone=&#8220;|-35px|||false|false&#8220; custom_margin_last_edited=&#8220;on|phone&#8220; global_colors_info=&#8220;{}&#8220;][\/et_pb_image][et_pb_text _builder_version=&#8220;4.27.4&#8243; _module_preset=&#8220;default&#8220; text_orientation_tablet=&#8220;&#8220; text_orientation_phone=&#8220;center&#8220; text_orientation_last_edited=&#8220;on|desktop&#8220; global_colors_info=&#8220;{}&#8220;]<\/p>\n<h4><strong>Beltane \u2013 Bowl Topping<\/strong><\/h4>\n<p><em>So macht Streuen Spa\u00df!<\/em><\/p>\n<p><em><\/em><\/p>\n<p>Die knusprige Kr\u00f6nung f\u00fcr jede Gelegenheit. Passt zu warmen Bowls, zu Salaten und kr\u00f6nt Frischk\u00e4se oder Avocado ganz nach Belieben. Beltane Bowl Topping im Korkenglas kann sich bei Tisch und in der K\u00fcche optisch und geschmacklich sehen lassen.<\/p>\n<p>[\/et_pb_text][\/et_pb_column][et_pb_column type=&#8220;1_2&#8243; _builder_version=&#8220;4.27.4&#8243; _module_preset=&#8220;default&#8220; global_colors_info=&#8220;{}&#8220;][et_pb_image src=&#8220;https:\/\/www.beltane.de\/wp-content\/uploads\/2025\/04\/Beltane-bio-for-family-gemuse-web.png&#8220; title_text=&#8220;Beltane-bio-for-family-gem\u00fcse-web&#8220; _builder_version=&#8220;4.27.4&#8243; _module_preset=&#8220;default&#8220; transform_scale=&#8220;77%|77%&#8220; transform_translate=&#8220;-55px|0px&#8220; transform_translate_linked=&#8220;off&#8220; custom_margin_tablet=&#8220;&#8220; custom_margin_phone=&#8220;|-35px|||false|false&#8220; custom_margin_last_edited=&#8220;on|phone&#8220; hover_enabled=&#8220;0&#8243; global_colors_info=&#8220;{}&#8220; align_last_edited=&#8220;on|phone&#8220; align_phone=&#8220;right&#8220; sticky_enabled=&#8220;0&#8243;][\/et_pb_image][et_pb_text _builder_version=&#8220;4.27.4&#8243; _module_preset=&#8220;default&#8220; text_orientation_tablet=&#8220;&#8220; text_orientation_phone=&#8220;center&#8220; text_orientation_last_edited=&#8220;on|phone&#8220; global_colors_info=&#8220;{}&#8220;]<\/p>\n<h4><strong>Beltane \u2013 Gem\u00fcse &amp; Co.<\/strong><\/h4>\n<p><em>Leckere Gem\u00fcse Mahlzeiten f\u00fcr die ganze Familie.<\/em><\/p>\n<p><em><\/em><\/p>\n<p>Das neue Streugew\u00fcrz von Beltane w\u00fcrzt mild und ausgewogen. Es unterstreicht den Eigen-<br \/>geschmack und rundet fein ab. Es passt auch prima zu<br \/>Gem\u00fcse mit Nudeln oder Reis und kann nach Belieben bei Tisch nachgestreut werden<\/p>\n<p>[\/et_pb_text][\/et_pb_column][\/et_pb_row][\/et_pb_section][et_pb_section fb_built=&#8220;1&#8243; _builder_version=&#8220;4.27.4&#8243; _module_preset=&#8220;default&#8220; background_enable_image=&#8220;off&#8220; custom_padding=&#8220;0px||65px|||&#8220; global_colors_info=&#8220;{}&#8220;][et_pb_row column_structure=&#8220;1_2,1_2&#8243; _builder_version=&#8220;4.27.4&#8243; _module_preset=&#8220;default&#8220; global_colors_info=&#8220;{}&#8220;][et_pb_column type=&#8220;1_2&#8243; _builder_version=&#8220;4.27.4&#8243; _module_preset=&#8220;default&#8220; global_colors_info=&#8220;{}&#8220;][et_pb_image src=&#8220;https:\/\/www.beltane.de\/wp-content\/uploads\/2025\/04\/Beltane-bio-for-family-frankreich-web.png&#8220; title_text=&#8220;Beltane-bio-for-family-frankreich-web&#8220; align_tablet=&#8220;&#8220; align_phone=&#8220;right&#8220; align_last_edited=&#8220;on|phone&#8220; _builder_version=&#8220;4.27.4&#8243; _module_preset=&#8220;default&#8220; transform_scale=&#8220;77%|77%&#8220; transform_translate=&#8220;-55px|0px&#8220; transform_translate_linked=&#8220;off&#8220; custom_margin_tablet=&#8220;&#8220; custom_margin_phone=&#8220;|-35px|||false|false&#8220; custom_margin_last_edited=&#8220;on|phone&#8220; global_colors_info=&#8220;{}&#8220;][\/et_pb_image][et_pb_text _builder_version=&#8220;4.27.4&#8243; _module_preset=&#8220;default&#8220; text_orientation_tablet=&#8220;&#8220; text_orientation_phone=&#8220;center&#8220; text_orientation_last_edited=&#8220;on|phone&#8220; global_colors_info=&#8220;{}&#8220;]<\/p>\n<h4><strong>Beltane \u2013 Typisch Frankreich<\/strong><\/h4>\n<p><em>Wie im Urlaub in der Provence!<\/em><\/p>\n<p><em><\/em><\/p>\n<p>Dieser Duft nach Kr\u00e4utern im Sonnenschein macht aus Gem\u00fcse, Fleisch, Fisch oder Tofu ein echtes Geschmackserlebnis. Zum W\u00fcrzen und Streuen in der K\u00fcche und bei Tisch.<\/p>\n<p>[\/et_pb_text][\/et_pb_column][et_pb_column type=&#8220;1_2&#8243; _builder_version=&#8220;4.27.4&#8243; _module_preset=&#8220;default&#8220; global_colors_info=&#8220;{}&#8220;][et_pb_image src=&#8220;https:\/\/www.beltane.de\/wp-content\/uploads\/2025\/04\/Beltane-bio-for-family-griechisch-web.png&#8220; title_text=&#8220;Beltane-bio-for-family-griechisch-web&#8220; align_tablet=&#8220;&#8220; align_phone=&#8220;right&#8220; align_last_edited=&#8220;on|phone&#8220; _builder_version=&#8220;4.27.4&#8243; _module_preset=&#8220;default&#8220; transform_scale=&#8220;77%|77%&#8220; transform_translate=&#8220;-55px|0px&#8220; transform_translate_linked=&#8220;off&#8220; custom_margin_tablet=&#8220;&#8220; custom_margin_phone=&#8220;|-35px|||false|false&#8220; custom_margin_last_edited=&#8220;on|phone&#8220; global_colors_info=&#8220;{}&#8220;][\/et_pb_image][et_pb_text _builder_version=&#8220;4.27.4&#8243; _module_preset=&#8220;default&#8220; text_orientation_tablet=&#8220;&#8220; text_orientation_phone=&#8220;center&#8220; text_orientation_last_edited=&#8220;on|phone&#8220; global_colors_info=&#8220;{}&#8220;]<\/p>\n<h4><strong>Beltane \u2013 Echt Griechisch<\/strong><\/h4>\n<p><em>Perfekt f\u00fcr die Kr\u00e4uterk\u00fcche Griechenlands.<\/em><\/p>\n<p><em><\/em><\/p>\n<p>Das reichhaltige Kr\u00e4uteraroma bereichert Gem\u00fcse, Fleisch, Fisch oder Tofu. Zum W\u00fcrzen und Streuen f\u00fcr die K\u00fcche. Und zum Nachstreuen bei Tisch f\u00fcr die individuelle Gaumenfreude.<span class=\"Apple-converted-space\">\u00a0<\/span><\/p>\n<p>[\/et_pb_text][\/et_pb_column][\/et_pb_row][\/et_pb_section][et_pb_section fb_built=&#8220;1&#8243; prev_background_color=&#8220;#ffffff&#8220; _builder_version=&#8220;4.27.4&#8243; _module_preset=&#8220;default&#8220; background_image=&#8220;https:\/\/www.beltane.de\/wp-content\/uploads\/2024\/04\/Beltane-Bio-Gewuerze-Hintergrund-Papier.jpg&#8220; custom_padding=&#8220;87px||78px|||&#8220; top_divider_style=&#8220;slant2&#8243; global_colors_info=&#8220;{}&#8220;][et_pb_row column_structure=&#8220;1_2,1_2&#8243; _builder_version=&#8220;4.27.4&#8243; _module_preset=&#8220;default&#8220; global_colors_info=&#8220;{}&#8220;][et_pb_column type=&#8220;1_2&#8243; _builder_version=&#8220;4.27.4&#8243; _module_preset=&#8220;default&#8220; global_colors_info=&#8220;{}&#8220;][et_pb_image src=&#8220;https:\/\/www.beltane.de\/wp-content\/uploads\/2025\/04\/Beltane-bio-for-family-nudeln-web.png&#8220; title_text=&#8220;Beltane-bio-for-family-nudeln-web&#8220; align_tablet=&#8220;&#8220; align_phone=&#8220;right&#8220; align_last_edited=&#8220;on|phone&#8220; _builder_version=&#8220;4.27.4&#8243; _module_preset=&#8220;default&#8220; transform_scale=&#8220;77%|77%&#8220; transform_translate=&#8220;-55px|0px&#8220; transform_translate_linked=&#8220;off&#8220; custom_margin=&#8220;|-35px|||false|false&#8220; global_colors_info=&#8220;{}&#8220;][\/et_pb_image][et_pb_text _builder_version=&#8220;4.27.4&#8243; _module_preset=&#8220;default&#8220; text_orientation_tablet=&#8220;&#8220; text_orientation_phone=&#8220;center&#8220; text_orientation_last_edited=&#8220;on|phone&#8220; global_colors_info=&#8220;{}&#8220;]<\/p>\n<h4><strong>Beltane \u2013 Nudeln &amp; Co.<\/strong><\/h4>\n<h5><em>Familien lieben Nudelgerichte. <\/em><\/h5>\n<p>&nbsp;<\/p>\n<p>Diese vielseitige Mischung ist wie geschaffen daf\u00fcr und alles was zu Nudeln passt: Gem\u00fcse, Tomatensauce oder einfach mit Oliven\u00f6l und Parmesan. Die perfekte W\u00fcrzung in der K\u00fcche und je nach Geschmack zum Nachstreuen bei Tisch.<\/p>\n<p>[\/et_pb_text][\/et_pb_column][et_pb_column type=&#8220;1_2&#8243; _builder_version=&#8220;4.27.4&#8243; _module_preset=&#8220;default&#8220; global_colors_info=&#8220;{}&#8220;][et_pb_image src=&#8220;https:\/\/www.beltane.de\/wp-content\/uploads\/2025\/04\/Beltane-bio-for-family-kartoffeln-web.png&#8220; title_text=&#8220;Beltane-bio-for-family-kartoffeln-web&#8220; align_tablet=&#8220;&#8220; align_phone=&#8220;right&#8220; align_last_edited=&#8220;on|phone&#8220; _builder_version=&#8220;4.27.4&#8243; _module_preset=&#8220;default&#8220; transform_scale=&#8220;77%|77%&#8220; transform_translate=&#8220;-55px|0px&#8220; transform_translate_linked=&#8220;off&#8220; custom_margin=&#8220;|-35px|||false|false&#8220; global_colors_info=&#8220;{}&#8220;][\/et_pb_image][et_pb_text _builder_version=&#8220;4.27.4&#8243; _module_preset=&#8220;default&#8220; text_orientation_tablet=&#8220;&#8220; text_orientation_phone=&#8220;center&#8220; text_orientation_last_edited=&#8220;on|phone&#8220; global_colors_info=&#8220;{}&#8220;]<\/p>\n<h4><strong>Beltane \u2013 Kartoffeln &amp; Co.\u00a0<\/strong><\/h4>\n<h5><em>Kartoffeln sind so vielseitig.<\/em><\/h5>\n<p>&nbsp;<\/p>\n<p>Ob in der Pfanne oder im Ofen, gerne zusammen mit Gem\u00fcse, K\u00e4se oder Tofu. Beltane Kartoffeln &amp; Co. macht aus jeder Knolle etwas Besonderes. Auch S\u00fc\u00dfkartoffeln und K\u00fcrbis kommen mit dem etwas kr\u00e4ftigeren Streugew\u00fcrz super zur Geltung.<\/p>\n<p>[\/et_pb_text][\/et_pb_column][\/et_pb_row][\/et_pb_section]<\/p>\n","protected":false},"excerpt":{"rendered":"<p>Beltane Bio for Family F\u00fcr alle, die gemeinsam genie\u00dfen m\u00f6chten! Unsere W\u00fcrzmischungen im Korkenglas bringen Schwung in die K\u00fcche und auf den Tisch \u2013 flexibel, vielseitig und perfekt f\u00fcr die ganze Familie. Mit Bio for Family wird Kochen zum Genuss f\u00fcr die alle! Die vielseitigen W\u00fcrzmischungen verfeinern jedes Gericht \u2013 von Gem\u00fcse \u00fcber Nudeln bis [&hellip;]<\/p>\n","protected":false},"author":5,"featured_media":0,"parent":49,"menu_order":0,"comment_status":"closed","ping_status":"closed","template":"","meta":{"_et_pb_use_builder":"on","_et_pb_old_content":"","_et_gb_content_width":"","footnotes":""},"class_list":["post-311447","page","type-page","status-publish","hentry"],"_links":{"self":[{"href":"https:\/\/www.beltane.de\/de\/wp-json\/wp\/v2\/pages\/311447","targetHints":{"allow":["GET"]}}],"collection":[{"href":"https:\/\/www.beltane.de\/de\/wp-json\/wp\/v2\/pages"}],"about":[{"href":"https:\/\/www.beltane.de\/de\/wp-json\/wp\/v2\/types\/page"}],"author":[{"embeddable":true,"href":"https:\/\/www.beltane.de\/de\/wp-json\/wp\/v2\/users\/5"}],"replies":[{"embeddable":true,"href":"https:\/\/www.beltane.de\/de\/wp-json\/wp\/v2\/comments?post=311447"}],"version-history":[{"count":0,"href":"https:\/\/www.beltane.de\/de\/wp-json\/wp\/v2\/pages\/311447\/revisions"}],"up":[{"embeddable":true,"href":"https:\/\/www.beltane.de\/de\/wp-json\/wp\/v2\/pages\/49"}],"wp:attachment":[{"href":"https:\/\/www.beltane.de\/de\/wp-json\/wp\/v2\/media?parent=311447"}],"curies":[{"name":"wp","href":"https:\/\/api.w.org\/{rel}","templated":true}]}}